{"id":630,"date":"2021-09-18T18:22:12","date_gmt":"2021-09-18T15:22:12","guid":{"rendered":"http:\/\/www.sicakcikolata.com\/blog\/?page_id=630"},"modified":"2021-09-22T22:14:30","modified_gmt":"2021-09-22T19:14:30","slug":"kitap-sicak-cikolata","status":"publish","type":"page","link":"https:\/\/www.sicakcikolata.com\/blog\/index.php\/kitap-sicak-cikolata\/","title":{"rendered":"Kitap: S\u0131cak \u00c7ikolata"},"content":{"rendered":"<p data-p-id=\"f4087a8401b42e94b6d6f3c8f2578b76\">\u00c7.\u00a0 yine masas\u0131nda evraklar, \u015fikayetler yani en k\u0131sa s\u00fcrede \u00e7\u00f6z\u00fclmesi gereken sorunlar ve faturalarla ( bu k\u0131sm\u0131 hi\u00e7 sevmemekte fakat bu i\u015fi yapmas\u0131 i\u00e7in ba\u015fka birini de aramamakta. Faturada yanl\u0131\u015fl\u0131k olursa yine ona i\u015f d\u00fc\u015fecek\u00a0 ve durum onu daha da mutsuz edece\u011finden g\u00f6n\u00fcls\u00fczce kendisi u\u011fra\u015fmakta ).\u00a0 Tabi bu g\u00fcnler bu i\u015flerin \u00fcst\u00fcne bir de kay\u0131t d\u00f6neminin karma\u015fas\u0131n\u0131n mutsuzlu\u011fu vard\u0131.\u00a0 Sevmese de\u00a0 kap\u0131s\u0131 bu d\u00f6nemde a\u00e7\u0131k olurdu,\u00a0 10 dakikay\u0131 ge\u00e7meden biri a\u00e7acakt\u0131r \u00e7\u00fcnk\u00fc.<\/p>\n<p data-p-id=\"a879b5c83cfb42578baf01bcd81bfe93\">D\u0131\u015farda ki g\u00fcr\u00fclt\u00fcler gittik\u00e7e artmaktayd\u0131 kendisi de\u00a0 bu duruma da gittik\u00e7e sinirlemekteydi. Masas\u0131ndan kalk\u0131p odas\u0131n\u0131n kap\u0131s\u0131ndan d\u0131\u015far\u0131 bakmaya karar verdi\u011fi gibi kap\u0131ya do\u011fru y\u00fcr\u00fcmeye ba\u015flad\u0131. Kap\u0131ya gelip tam a\u00e7acakken bir k\u0131z:<\/p>\n<p data-p-id=\"ad84dbf7ea9dc952ef02414dc6334603\">&#8211; &#8220;L\u00fctfen beni okula kay\u0131t eder misiniz?&#8221; diye sordu. Bu arada g\u00fcr\u00fclt\u00fc azalm\u0131\u015ft\u0131 d\u0131\u015far\u0131da yanl\u0131\u015f anlam\u0131yorsa kar\u015f\u0131l\u0131kl\u0131 birbirine ba\u011f\u0131ran iki insan var tahminime g\u00f6re. Y\u0131llar\u0131n deneyimi denilen \u015feye sahip oldu\u011fundan tahminine g\u00fcveniyordu. Karma\u015fan\u0131n daha\u00a0 da azalaca\u011f\u0131n\u0131 d\u00fc\u015f\u00fcnerek orayla olan ilgisini hemen k\u0131za y\u00f6neltti. D\u0131\u015far\u0131 ile u\u011fra\u015fmak istemiyordu \u00e7\u00fcnk\u00fc. G\u00fcr\u00fclt\u00fcn\u00fcn i\u00e7ine girip ba\u015f a\u011fr\u0131s\u0131 \u00e7ekmek yerine bir k\u0131z\u0131 dinlemeyi tercih ederdi,\u00a0 tiz sesle ba\u011f\u0131rmad\u0131\u011f\u0131 s\u00fcrece.<\/p>\n<p data-p-id=\"51e4a4d05719687881eb8075877f03ce\">&#8211; &#8220;Pekala. Burada \u015fu an b\u00fcy\u00fck bir eksiklik var.\u00a0 Seni okula kay\u0131t etmem i\u00e7in baz\u0131 evraklar\u0131n bana baz\u0131lar\u0131\u00a0 taraf\u0131ndan verilmesi gerekir. Genellikle bu baz\u0131lar\u0131 anne veya baba oluyor.\u00a0 \u00a0Onlar olmazsa velilik hakk\u0131 olan yeti\u015fkin akrabalar veya nadirde olsa abla abi gelebiliyor. Normalde bu durum kabul edilmez fakat nadir oldu\u011fu i\u00e7in g\u00f6z yumuluyor. Ne demek istedi\u011fimi anlatabildi\u011fimi biliyorum. Yine de soray\u0131m ne demek istedi\u011fimi anlad\u0131m m\u0131?&#8221;<\/p>\n<p data-p-id=\"7bd18ae47d37d3e04bb690c5e9caf62b\">Heyecanla ve biraz endi\u015feyle:<\/p>\n<p data-p-id=\"a578141a433bf4d8bfb9d9cfc6e1f05e\">&#8211; &#8220;Evet. Anlamama gerek yok zaten biliyorum veli gerekiyor. Fakat hemen kay\u0131t olmam gerekiyor. Annem ve babam d\u0131\u015far\u0131da zaten. Kay\u0131t olmam\u0131 istemiyorlar, l\u00fctfen kay\u0131t edin beni.&#8221;<\/p>\n<p data-p-id=\"4ef0d07fa41c27cdbd940b57a8e1869b\">&#8211; &#8220;Anlad\u0131m. Anla\u015f\u0131l\u0131r konu\u015fman\u0131n kar\u015f\u0131l\u0131\u011f\u0131 biraz ba\u015f a\u011fr\u0131s\u0131 olmas\u0131na \u015fa\u015fmamal\u0131. Veli olarak her hangi biri olmadan\u00a0 kay\u0131t etmem u\u011fra\u015ft\u0131racak.&#8221;<\/p>\n<p data-p-id=\"fb3636238350d5097344357456065150\">C\u00fcmlenin sonuna bo\u015fluk b\u0131rakmadan k\u0131z:<\/p>\n<p data-p-id=\"919d538fda6360ffd31f840867235ade\">&#8211; &#8220;Siz benim velim olun. L\u00fctfen. Okula gitmek istiyorum.&#8221;\u00a0 Okumak isteyen birini can s\u0131k\u0131c\u0131 \u015fartlar i\u00e7inde bile olsa kabul etmemek ilerde kendisinde can s\u0131k\u0131nt\u0131s\u0131 olu\u015fturacakt\u0131, emindi bundan. Bu y\u00fczden k\u0131z\u0131 kay\u0131t etmeye karar verdi.<\/p>\n<p data-p-id=\"4b9404cda47d5481abbe01af1ca62ad3\">\u00dczerinde okulun ismi yaz\u0131l\u0131 bir ka\u011f\u0131d\u0131 k\u0131za uzatarak:<\/p>\n<p data-p-id=\"366c5bca72286b63152add9991812618\">&#8211; &#8220;\u015euray\u0131 imzala di\u011fer sa\u00e7ma \u015feyleri ben yapaca\u011f\u0131m. &#8220;Dedi \u00c7. K\u0131z hemen imzalad\u0131.<\/p>\n<p data-p-id=\"661b81f2f9c598021cc69697eb536f02\">&#8211; &#8220;\u0130smini de yazarsan iyi olur.\u00a0 K\u0131z etraf\u0131na bakt\u0131 ve ka\u011f\u0131da ismini yazd\u0131: \u0130klim Hamdi.\u00a0 \u00c7 de ka\u011f\u0131da bir \u015feyler yazd\u0131ktan sonra kendi ismini imzas\u0131n\u0131 att\u0131.&#8221; Son g\u00f6rd\u00fc\u011f\u00fc \u015fey bunlar oldu.<\/p>\n<p data-p-id=\"5be854477e710888b7baa177787b06e0\">Yava\u015f yava\u015f g\u00f6zlerini a\u00e7arken:<\/p>\n<p data-p-id=\"6b2e9aeef3e210e845ecb5777f2b78d4\">&#8211; &#8220;Ba\u015f\u0131m\u0131n a\u011farmas\u0131 yetmiyormu\u015f gibi birde midem bulan\u0131yor.&#8221;\u00a0 \u00a0Adam\u0131n biri ona bak\u0131yordu bu ilgin\u00e7 de\u011fildi. \u0130lgin\u00e7 olan tan\u0131mad\u0131\u011f\u0131 bir adam\u0131n ona bakmas\u0131 ve havan\u0131n karanl\u0131k olmas\u0131yd\u0131. Ka\u00e7 saattir bayg\u0131nd\u0131. Kar\u015f\u0131s\u0131ndaki adam\u0131n bunu bilmesi ho\u015funa giderdi diye d\u00fc\u015f\u00fcn\u00fcrken bir k\u0131z sesi:<\/p>\n<p data-p-id=\"e62aa81d7ac18c14e1b3ee69ee46a234\">&#8211; &#8220;Ne zaman uyacaks\u0131n diye heyecanla bekliyordum. Nas\u0131ls\u0131n? \u0130yisin de\u011fil mi? Bir \u015fey ister misin? Rahat m\u0131s\u0131n?&#8221; K\u0131z\u0131n sesi tan\u0131d\u0131kt\u0131.\u00a0 Ke\u015fke konu\u015fmay\u0131 b\u0131raksa. Sessizli\u011fe ihtiyac\u0131m var.<\/p>\n<p data-p-id=\"b72c14a7a017af5a02bcccd8bf26826f\">-&#8221; Susmandan ba\u015fka bir \u015fey istemiyorum&#8221; dedi.\u00a0 Halsiz bir \u015fekilde. K\u0131z da iste\u011fi kabul edip sustu. Adamla k\u0131z kendi aralar\u0131nda konu\u015fuyordu. Adam:<\/p>\n<p data-p-id=\"b0a4eadfcb802451462dcd3b3b9a8bb0\">-&#8220;\u0130mzalad\u0131\u011f\u0131 ka\u011f\u0131t nerede?&#8221; diye sordu k\u0131za. K\u0131z:<\/p>\n<p data-p-id=\"6a45dbedbf8ca0e762233087827f849d\">-&#8220;Bende. Bende kalacak.&#8221; dedi\u00a0 adama.<\/p>\n<p data-p-id=\"00e7a9696d54a5d3be3f8ebf09218969\">-&#8220;Ka\u011f\u0131tlar\u0131 ben kontrol ediyorum, unuttun mu?&#8221;<\/p>\n<p data-p-id=\"a2052dd62e000b7df5788aea09cbc964\">-&#8220;Biliyorum bu adam\u0131n ka\u011f\u0131d\u0131 bende kalacak, \u00f6yle istiyorum!&#8221;.<\/p>\n<p data-p-id=\"cb4ba1c55a667c54e2ae6e172ef4478f\">Hat\u0131rl\u0131yordu evet bir ka\u011f\u0131t imzalam\u0131\u015ft\u0131. Kendisinin ve kay\u0131t olmak isteyen k\u0131z\u0131n imzalad\u0131\u011f\u0131. Ad\u0131 \u0130klim Hamdi idi.\u00a0 \u015eimdi konu\u015fan k\u0131z sesi tan\u0131d\u0131k gelmi\u015fti. K\u0131z\u0131n sesi odas\u0131na gelen \u0130klim&#8217;in\u00a0 sesi ile ayn\u0131yd\u0131.<\/p>\n<p data-p-id=\"2c2c4afec6d58ecf350f4de596429636\">-&#8220;\u0130klim?&#8221;\u00a0 dedi \u00c7.\u00a0 Adam da k\u0131za \u015fa\u015fk\u0131n bir \u015fekilde bakt\u0131. K\u0131z g\u00fcl\u00fcmsedi:<\/p>\n<p data-p-id=\"93c1c6e1760ea0055da979c22dc503da\">-&#8220;\u0130mza atarken ger\u00e7ek ismimi kullanamazd\u0131m de\u011fil mi?&#8221; Adam \u00f6fkeyle:<\/p>\n<p data-p-id=\"88551926d5cc989bce5bff725c95e0ef\">-&#8220;Ka\u011f\u0131d\u0131 sen de mi imzalad\u0131n? Sadece adam\u0131n imzalamas\u0131 gerekiyordu. Neden ka\u011f\u0131d\u0131 vermedi\u011fin anla\u015f\u0131ld\u0131. Hi\u00e7 kimse b\u00f6yle bir \u015fey yapmam\u0131\u015ft\u0131. \u015eimdi ka\u011f\u0131tta adam da i\u015fe yaramayacak b\u00fcy\u00fck ihtimalle.&#8221; K\u0131z mahcup g\u00fcl\u00fcmsemeyle\u00a0 ifadesini tak\u0131narak:<\/p>\n<p data-p-id=\"aca90e949e347e3a89720a1542538369\">-&#8220;Heyecan yapt\u0131m. \u0130kna olsun diye ilk imzay\u0131 ben att\u0131m&#8221;.\u00a0 Adam avucunu a\u011fz\u0131na g\u00f6t\u00fcrd\u00fc ve elinin \u015feklini bozmadan bo\u011faz\u0131na kadar indirdi ve hafif\u00e7e bo\u011faz\u0131n\u0131 s\u0131kt\u0131. \u00d6fkelendi\u011finin belirtisiydi bu. Ayr\u0131ca bu sorunu nas\u0131l atlat\u0131lacakt\u0131 onu d\u00fc\u015f\u00fcnmeye ba\u015flam\u0131\u015ft\u0131.<\/p>\n<p data-p-id=\"eade2de19672557d0c7ce08677af9f8e\">K\u0131z \u015fimdi \u00c7.&#8217;ye d\u00f6nm\u00fc\u015ft\u00fc.\u00a0 G\u00fcl\u00fcmseyerek:<\/p>\n<p data-p-id=\"ba157dd9ce187c9050e2ddeead3e4f2e\">-&#8220;Aya\u011fa kalkabilecek misin? Birazdan gidece\u011fiz. Y\u00fcr\u00fcyemezsen Erzan sana yard\u0131mc\u0131 olur&#8221; Erzan sinirle:<\/p>\n<p data-p-id=\"c7c77d98fe3fdda50f5c2f79f34bdea5\">-&#8220;Benim yerime karar verme! Ben b\u00f6yle basit i\u015fleri yapmam&#8221; Ad\u0131n\u0131n \u0130klim oldu\u011funu sand\u0131\u011f\u0131 k\u0131z:<\/p>\n<p data-p-id=\"7019f2b51577e37d5db46d03481b0cee\">-&#8220;Evet yapmazs\u0131n. B\u00f6yle ucuz \u015feyleri giyersin fakat&#8221;\u00a0 Erzan&#8217;\u0131n \u00fczerindekileri g\u00f6stererek. Erzan ba\u011f\u0131rarak:<\/p>\n<p data-p-id=\"b8cde26cbde4b3fdfec04c78517341c3\">-&#8220;Onlar ucuz de\u011fil manevi de\u011feri var. Sende manevi de\u011feri anlaman\u0131 beklemiyorum zaten&#8221; dedi Erzan al\u0131narak.\u00a0 Ad\u0131 \u0130klim olmayan \u0130klim:<\/p>\n<p data-p-id=\"e7c01171aa60da558ffd3c82bb3b7f16\">-&#8220;\u00d6z\u00fcr dilerim. Sadece e\u011fleniyordum.&#8221;<\/p>\n<p data-p-id=\"ba52239b620874bc6897232e72e10b88\">-&#8220;Tamam tamam. Daha fazla zaman harcamadan gidelim.&#8221; Konu\u015furken \u00c7&#8217;nin yan\u0131na gibi ve onu kald\u0131r\u0131p destek oldu. Ard\u0131ndan. &#8221; Aya\u011fa kalkt\u0131\u011f\u0131na g\u00f6re gidebiliriz&#8221; dedi Erzan.<\/p>\n","protected":false},"excerpt":{"rendered":"<p>\u00c7.\u00a0 yine masas\u0131nda evraklar, \u015fikayetler yani en k\u0131sa s\u00fcrede \u00e7\u00f6z\u00fclmesi gereken sorunlar ve faturalarla ( bu k\u0131sm\u0131 hi\u00e7 sevmemekte fakat bu i\u015fi yapmas\u0131 i\u00e7in ba\u015fka birini de aramamakta. Faturada yanl\u0131\u015fl\u0131k olursa yine ona i\u015f d\u00fc\u015fecek\u00a0 ve durum onu daha da mutsuz edece\u011finden g\u00f6n\u00fcls\u00fczce kendisi u\u011fra\u015fmakta ).\u00a0 Tabi bu g\u00fcnler bu i\u015flerin \u00fcst\u00fcne bir de kay\u0131t&hellip; <span class=\"clear\"><\/span><a href=\"https:\/\/www.sicakcikolata.com\/blog\/index.php\/kitap-sicak-cikolata\/\" class=\"more-link read-more\" rel=\"bookmark\">Continue Reading <span class=\"screen-reader-text\">Kitap: S\u0131cak \u00c7ikolata<\/span><i class=\"fa fa-arrow-right\"><\/i><\/a><\/p>\n","protected":false},"author":1,"featured_media":0,"parent":0,"menu_order":0,"comment_status":"closed","ping_status":"closed","template":"","meta":{"rank_math_lock_modified_date":false,"footnotes":""},"class_list":["post-630","page","type-page","status-publish","hentry"],"rankMath":{"parentDomain":"sicakcikolata.com","noFollowDomains":[],"noFollowExcludeDomains":[],"noFollowExternalLinks":false,"featuredImageNotice":"\u00d6ne \u00e7\u0131kan g\u00f6rsel, Facebook ve di\u011fer sosyal medya siteleri taraf\u0131ndan al\u0131nabilmesi i\u00e7in en az 200 x 200 piksel olmal\u0131d\u0131r.","pluginReviewed":true,"postSettings":{"linkSuggestions":true,"useFocusKeyword":false},"frontEndScore":false,"postName":"kitap-sicak-cikolata","permalinkFormat":"https:\/\/www.sicakcikolata.com\/blog\/index.php\/%pagename%\/","showLockModifiedDate":true,"assessor":{"focusKeywordLink":"https:\/\/www.sicakcikolata.com\/blog\/wp-admin\/edit.php?focus_keyword=%focus_keyword%&post_type=%post_type%","hasTOCPlugin":false,"primaryTaxonomy":false,"serpData":{"title":"","description":"","focusKeywords":"kitap,s\u0131cak \u00e7ikolata","pillarContent":false,"canonicalUrl":"","breadcrumbTitle":"","advancedRobots":{"max-snippet":"-1","max-video-preview":"-1","max-image-preview":"large"},"facebookTitle":"","facebookDescription":"","facebookImage":"","facebookImageID":"","facebookHasOverlay":false,"facebookImageOverlay":"play","facebookAuthor":"","twitterCardType":"summary_large_image","twitterUseFacebook":true,"twitterTitle":"","twitterDescription":"","twitterImage":"","twitterImageID":"","twitterHasOverlay":false,"twitterImageOverlay":"play","twitterPlayerUrl":"","twitterPlayerSize":"","twitterPlayerStream":"","twitterPlayerStreamCtype":"","twitterAppDescription":"","twitterAppIphoneName":"","twitterAppIphoneID":"","twitterAppIphoneUrl":"","twitterAppIpadName":"","twitterAppIpadID":"","twitterAppIpadUrl":"","twitterAppGoogleplayName":"","twitterAppGoogleplayID":"","twitterAppGoogleplayUrl":"","twitterAppCountry":"","robots":{"index":true},"twitterAuthor":"kullan\u0131c\u0131 ad\u0131","primaryTerm":0,"authorName":"hitsumo","titleTemplate":"%title% %sep% %sitename%","descriptionTemplate":"%excerpt%","showScoreFrontend":true,"lockModifiedDate":false},"powerWords":[],"diacritics":{"A":"[\\u0041\\u24B6\\uFF21\\u00C0\\u00C1\\u00C2\\u1EA6\\u1EA4\\u1EAA\\u1EA8\\u00C3\\u0100\\u0102\\u1EB0\\u1EAE\\u1EB4\\u1EB2\\u0226\\u01E0\\u00C4\\u01DE\\u1EA2\\u00C5\\u01FA\\u01CD\\u0200\\u0202\\u1EA0\\u1EAC\\u1EB6\\u1E00\\u0104\\u023A\\u2C6F]","AA":"[\\uA732]","AE":"[\\u00C6\\u01FC\\u01E2]","AO":"[\\uA734]","AU":"[\\uA736]","AV":"[\\uA738\\uA73A]","AY":"[\\uA73C]","B":"[\\u0042\\u24B7\\uFF22\\u1E02\\u1E04\\u1E06\\u0243\\u0182\\u0181]","C":"[\\u0043\\u24B8\\uFF23\\u0106\\u0108\\u010A\\u010C\\u00C7\\u1E08\\u0187\\u023B\\uA73E]","D":"[\\u0044\\u24B9\\uFF24\\u1E0A\\u010E\\u1E0C\\u1E10\\u1E12\\u1E0E\\u0110\\u018B\\u018A\\u0189\\uA779]","DZ":"[\\u01F1\\u01C4]","Dz":"[\\u01F2\\u01C5]","E":"[\\u0045\\u24BA\\uFF25\\u00C8\\u00C9\\u00CA\\u1EC0\\u1EBE\\u1EC4\\u1EC2\\u1EBC\\u0112\\u1E14\\u1E16\\u0114\\u0116\\u00CB\\u1EBA\\u011A\\u0204\\u0206\\u1EB8\\u1EC6\\u0228\\u1E1C\\u0118\\u1E18\\u1E1A\\u0190\\u018E]","F":"[\\u0046\\u24BB\\uFF26\\u1E1E\\u0191\\uA77B]","G":"[\\u0047\\u24BC\\uFF27\\u01F4\\u011C\\u1E20\\u011E\\u0120\\u01E6\\u0122\\u01E4\\u0193\\uA7A0\\uA77D\\uA77E]","H":"[\\u0048\\u24BD\\uFF28\\u0124\\u1E22\\u1E26\\u021E\\u1E24\\u1E28\\u1E2A\\u0126\\u2C67\\u2C75\\uA78D]","I":"[\\u0049\\u24BE\\uFF29\\u00CC\\u00CD\\u00CE\\u0128\\u012A\\u012C\\u0130\\u00CF\\u1E2E\\u1EC8\\u01CF\\u0208\\u020A\\u1ECA\\u012E\\u1E2C\\u0197]","J":"[\\u004A\\u24BF\\uFF2A\\u0134\\u0248]","K":"[\\u004B\\u24C0\\uFF2B\\u1E30\\u01E8\\u1E32\\u0136\\u1E34\\u0198\\u2C69\\uA740\\uA742\\uA744\\uA7A2]","L":"[\\u004C\\u24C1\\uFF2C\\u013F\\u0139\\u013D\\u1E36\\u1E38\\u013B\\u1E3C\\u1E3A\\u0141\\u023D\\u2C62\\u2C60\\uA748\\uA746\\uA780]","LJ":"[\\u01C7]","Lj":"[\\u01C8]","M":"[\\u004D\\u24C2\\uFF2D\\u1E3E\\u1E40\\u1E42\\u2C6E\\u019C]","N":"[\\u004E\\u24C3\\uFF2E\\u01F8\\u0143\\u00D1\\u1E44\\u0147\\u1E46\\u0145\\u1E4A\\u1E48\\u0220\\u019D\\uA790\\uA7A4]","NJ":"[\\u01CA]","Nj":"[\\u01CB]","O":"[\\u004F\\u24C4\\uFF2F\\u00D2\\u00D3\\u00D4\\u1ED2\\u1ED0\\u1ED6\\u1ED4\\u00D5\\u1E4C\\u022C\\u1E4E\\u014C\\u1E50\\u1E52\\u014E\\u022E\\u0230\\u00D6\\u022A\\u1ECE\\u0150\\u01D1\\u020C\\u020E\\u01A0\\u1EDC\\u1EDA\\u1EE0\\u1EDE\\u1EE2\\u1ECC\\u1ED8\\u01EA\\u01EC\\u00D8\\u01FE\\u0186\\u019F\\uA74A\\uA74C]","OI":"[\\u01A2]","OO":"[\\uA74E]","OU":"[\\u0222]","P":"[\\u0050\\u24C5\\uFF30\\u1E54\\u1E56\\u01A4\\u2C63\\uA750\\uA752\\uA754]","Q":"[\\u0051\\u24C6\\uFF31\\uA756\\uA758\\u024A]","R":"[\\u0052\\u24C7\\uFF32\\u0154\\u1E58\\u0158\\u0210\\u0212\\u1E5A\\u1E5C\\u0156\\u1E5E\\u024C\\u2C64\\uA75A\\uA7A6\\uA782]","S":"[\\u0053\\u24C8\\uFF33\\u1E9E\\u015A\\u1E64\\u015C\\u1E60\\u0160\\u1E66\\u1E62\\u1E68\\u0218\\u015E\\u2C7E\\uA7A8\\uA784]","T":"[\\u0054\\u24C9\\uFF34\\u1E6A\\u0164\\u1E6C\\u021A\\u0162\\u1E70\\u1E6E\\u0166\\u01AC\\u01AE\\u023E\\uA786]","TZ":"[\\uA728]","U":"[\\u0055\\u24CA\\uFF35\\u00D9\\u00DA\\u00DB\\u0168\\u1E78\\u016A\\u1E7A\\u016C\\u00DC\\u01DB\\u01D7\\u01D5\\u01D9\\u1EE6\\u016E\\u0170\\u01D3\\u0214\\u0216\\u01AF\\u1EEA\\u1EE8\\u1EEE\\u1EEC\\u1EF0\\u1EE4\\u1E72\\u0172\\u1E76\\u1E74\\u0244]","V":"[\\u0056\\u24CB\\uFF36\\u1E7C\\u1E7E\\u01B2\\uA75E\\u0245]","VY":"[\\uA760]","W":"[\\u0057\\u24CC\\uFF37\\u1E80\\u1E82\\u0174\\u1E86\\u1E84\\u1E88\\u2C72]","X":"[\\u0058\\u24CD\\uFF38\\u1E8A\\u1E8C]","Y":"[\\u0059\\u24CE\\uFF39\\u1EF2\\u00DD\\u0176\\u1EF8\\u0232\\u1E8E\\u0178\\u1EF6\\u1EF4\\u01B3\\u024E\\u1EFE]","Z":"[\\u005A\\u24CF\\uFF3A\\u0179\\u1E90\\u017B\\u017D\\u1E92\\u1E94\\u01B5\\u0224\\u2C7F\\u2C6B\\uA762]","a":"[\\u0061\\u24D0\\uFF41\\u1E9A\\u00E0\\u00E1\\u00E2\\u1EA7\\u1EA5\\u1EAB\\u1EA9\\u00E3\\u0101\\u0103\\u1EB1\\u1EAF\\u1EB5\\u1EB3\\u0227\\u01E1\\u00E4\\u01DF\\u1EA3\\u00E5\\u01FB\\u01CE\\u0201\\u0203\\u1EA1\\u1EAD\\u1EB7\\u1E01\\u0105\\u2C65\\u0250]","aa":"[\\uA733]","ae":"[\\u00E6\\u01FD\\u01E3]","ao":"[\\uA735]","au":"[\\uA737]","av":"[\\uA739\\uA73B]","ay":"[\\uA73D]","b":"[\\u0062\\u24D1\\uFF42\\u1E03\\u1E05\\u1E07\\u0180\\u0183\\u0253]","c":"[\\u0063\\u24D2\\uFF43\\u0107\\u0109\\u010B\\u010D\\u00E7\\u1E09\\u0188\\u023C\\uA73F\\u2184]","d":"[\\u0064\\u24D3\\uFF44\\u1E0B\\u010F\\u1E0D\\u1E11\\u1E13\\u1E0F\\u0111\\u018C\\u0256\\u0257\\uA77A]","dz":"[\\u01F3\\u01C6]","e":"[\\u0065\\u24D4\\uFF45\\u00E8\\u00E9\\u00EA\\u1EC1\\u1EBF\\u1EC5\\u1EC3\\u1EBD\\u0113\\u1E15\\u1E17\\u0115\\u0117\\u00EB\\u1EBB\\u011B\\u0205\\u0207\\u1EB9\\u1EC7\\u0229\\u1E1D\\u0119\\u1E19\\u1E1B\\u0247\\u025B\\u01DD]","f":"[\\u0066\\u24D5\\uFF46\\u1E1F\\u0192\\uA77C]","g":"[\\u0067\\u24D6\\uFF47\\u01F5\\u011D\\u1E21\\u011F\\u0121\\u01E7\\u0123\\u01E5\\u0260\\uA7A1\\u1D79\\uA77F]","h":"[\\u0068\\u24D7\\uFF48\\u0125\\u1E23\\u1E27\\u021F\\u1E25\\u1E29\\u1E2B\\u1E96\\u0127\\u2C68\\u2C76\\u0265]","hv":"[\\u0195]","i":"[\\u0069\\u24D8\\uFF49\\u00EC\\u00ED\\u00EE\\u0129\\u012B\\u012D\\u00EF\\u1E2F\\u1EC9\\u01D0\\u0209\\u020B\\u1ECB\\u012F\\u1E2D\\u0268\\u0131]","j":"[\\u006A\\u24D9\\uFF4A\\u0135\\u01F0\\u0249]","k":"[\\u006B\\u24DA\\uFF4B\\u1E31\\u01E9\\u1E33\\u0137\\u1E35\\u0199\\u2C6A\\uA741\\uA743\\uA745\\uA7A3]","l":"[\\u006C\\u24DB\\uFF4C\\u0140\\u013A\\u013E\\u1E37\\u1E39\\u013C\\u1E3D\\u1E3B\\u017F\\u0142\\u019A\\u026B\\u2C61\\uA749\\uA781\\uA747]","lj":"[\\u01C9]","m":"[\\u006D\\u24DC\\uFF4D\\u1E3F\\u1E41\\u1E43\\u0271\\u026F]","n":"[\\u006E\\u24DD\\uFF4E\\u01F9\\u0144\\u00F1\\u1E45\\u0148\\u1E47\\u0146\\u1E4B\\u1E49\\u019E\\u0272\\u0149\\uA791\\uA7A5]","nj":"[\\u01CC]","o":"[\\u006F\\u24DE\\uFF4F\\u00F2\\u00F3\\u00F4\\u1ED3\\u1ED1\\u1ED7\\u1ED5\\u00F5\\u1E4D\\u022D\\u1E4F\\u014D\\u1E51\\u1E53\\u014F\\u022F\\u0231\\u00F6\\u022B\\u1ECF\\u0151\\u01D2\\u020D\\u020F\\u01A1\\u1EDD\\u1EDB\\u1EE1\\u1EDF\\u1EE3\\u1ECD\\u1ED9\\u01EB\\u01ED\\u00F8\\u01FF\\u0254\\uA74B\\uA74D\\u0275]","oi":"[\\u01A3]","ou":"[\\u0223]","oo":"[\\uA74F]","p":"[\\u0070\\u24DF\\uFF50\\u1E55\\u1E57\\u01A5\\u1D7D\\uA751\\uA753\\uA755]","q":"[\\u0071\\u24E0\\uFF51\\u024B\\uA757\\uA759]","r":"[\\u0072\\u24E1\\uFF52\\u0155\\u1E59\\u0159\\u0211\\u0213\\u1E5B\\u1E5D\\u0157\\u1E5F\\u024D\\u027D\\uA75B\\uA7A7\\uA783]","s":"[\\u0073\\u24E2\\uFF53\\u015B\\u1E65\\u015D\\u1E61\\u0161\\u1E67\\u1E63\\u1E69\\u0219\\u015F\\u023F\\uA7A9\\uA785\\u1E9B]","ss":"[\\u00DF]","t":"[\\u0074\\u24E3\\uFF54\\u1E6B\\u1E97\\u0165\\u1E6D\\u021B\\u0163\\u1E71\\u1E6F\\u0167\\u01AD\\u0288\\u2C66\\uA787]","tz":"[\\uA729]","u":"[\\u0075\\u24E4\\uFF55\\u00F9\\u00FA\\u00FB\\u0169\\u1E79\\u016B\\u1E7B\\u016D\\u00FC\\u01DC\\u01D8\\u01D6\\u01DA\\u1EE7\\u016F\\u0171\\u01D4\\u0215\\u0217\\u01B0\\u1EEB\\u1EE9\\u1EEF\\u1EED\\u1EF1\\u1EE5\\u1E73\\u0173\\u1E77\\u1E75\\u0289]","v":"[\\u0076\\u24E5\\uFF56\\u1E7D\\u1E7F\\u028B\\uA75F\\u028C]","vy":"[\\uA761]","w":"[\\u0077\\u24E6\\uFF57\\u1E81\\u1E83\\u0175\\u1E87\\u1E85\\u1E98\\u1E89\\u2C73]","x":"[\\u0078\\u24E7\\uFF58\\u1E8B\\u1E8D]","y":"[\\u0079\\u24E8\\uFF59\\u1EF3\\u00FD\\u0177\\u1EF9\\u0233\\u1E8F\\u00FF\\u1EF7\\u1E99\\u1EF5\\u01B4\\u024F\\u1EFF]","z":"[\\u007A\\u24E9\\uFF5A\\u017A\\u1E91\\u017C\\u017E\\u1E93\\u1E95\\u01B6\\u0225\\u0240\\u2C6C\\uA763]"},"researchesTests":["contentHasTOC","contentHasShortParagraphs","contentHasAssets","keywordInTitle","keywordInMetaDescription","keywordInPermalink","keywordIn10Percent","keywordInContent","keywordInSubheadings","keywordInImageAlt","keywordDensity","keywordNotUsed","lengthContent","lengthPermalink","linksHasInternal","linksHasExternals","linksNotAllExternals","titleStartWithKeyword","titleSentiment","titleHasPowerWords","titleHasNumber","hasContentAI"],"hasRedirection":false,"hasBreadcrumb":false},"homeUrl":"https:\/\/www.sicakcikolata.com\/blog","objectID":630,"objectType":"post","locale":"tr","localeFull":"tr_TR","overlayImages":{"play":{"name":"Oynatma simgesi","url":"https:\/\/www.sicakcikolata.com\/blog\/wp-content\/plugins\/seo-by-rank-math\/assets\/admin\/img\/icon-play.png","path":"\/home\/sicakcik\/domains\/sicakcikolata.com\/public_html\/blog\/wp-content\/plugins\/seo-by-rank-math\/assets\/admin\/img\/icon-play.png","position":"middle_center"},"gif":{"name":"GIF simgesi","url":"https:\/\/www.sicakcikolata.com\/blog\/wp-content\/plugins\/seo-by-rank-math\/assets\/admin\/img\/icon-gif.png","path":"\/home\/sicakcik\/domains\/sicakcikolata.com\/public_html\/blog\/wp-content\/plugins\/seo-by-rank-math\/assets\/admin\/img\/icon-gif.png","position":"middle_center"}},"defautOgImage":"https:\/\/www.sicakcikolata.com\/blog\/wp-content\/plugins\/seo-by-rank-math\/assets\/admin\/img\/social-placeholder.jpg","customPermalinks":true,"isUserRegistered":false,"autoSuggestKeywords":false,"connectSiteUrl":"https:\/\/rankmath.com\/auth?site=https%3A%2F%2Fwww.sicakcikolata.com%2Fblog&r=https%3A%2F%2Fwww.sicakcikolata.com%2Fblog%2Findex.php%2Fwp-json%2Fwp%2Fv2%2Fpages%2F630%3Fnonce%3De3dc7cbe7f","maxTags":5,"trendsIcon":"<svg viewBox=\"0 0 610 610\"><path d=\"M18.85,446,174.32,290.48l58.08,58.08L76.93,504a14.54,14.54,0,0,1-20.55,0L18.83,466.48a14.54,14.54,0,0,1,0-20.55Z\" style=\"fill:#4285f4\"\/><path d=\"M242.65,242.66,377.59,377.6l-47.75,47.75a14.54,14.54,0,0,1-20.55,0L174.37,290.43l47.75-47.75A14.52,14.52,0,0,1,242.65,242.66Z\" style=\"fill:#ea4335\"\/><polygon points=\"319.53 319.53 479.26 159.8 537.34 217.88 377.61 377.62 319.53 319.53\" style=\"fill:#fabb05\"\/><path d=\"M594.26,262.73V118.61h0a16.94,16.94,0,0,0-16.94-16.94H433.2a16.94,16.94,0,0,0-12,28.92L565.34,274.71h0a16.94,16.94,0,0,0,28.92-12Z\" style=\"fill:#34a853\"\/><rect width=\"610\" height=\"610\" style=\"fill:none\"\/><\/svg>","showScore":true,"siteFavIcon":"data:image\/png;base64,iVBORw0KGgoAAAANSUhEUgAAABAAAAAQCAYAAAAf8\/9hAAABs0lEQVR4AWL4\/\/8\/RRjO8Iucx+noO0MWUDo16FYABMGP6ZfUcRnWtm27jVPbtm3bttuH2t3eFPcY9pLz7NxiLjCyVd87pKnHyqXyxtCs8APd0rnyxiu4qSeA3QEDrAwBDrT1s1Rc\/OrjLZwqVmOSu6+Lamcpp2KKMA9PH1BYXMe1mUP5qotvXTywsOEEYHXxrY+3cqk6TMkYpNr2FeoY3KIr0RPtn9wQ2unlA+GMkRw6+9TFw4YTwDUzx\/JVvARj9KaedXRO8P5B1Du2S32smzqUrcKGEyA+uAgQjKX7zf0boWHGfn71jIKj2689gxp7OAGShNcBUmLMPVjZuiKcA2vuWHHDCQxMCz629kXAIU4ApY15QwggAFbfOP9DhgBJ+nWVJ1AZAfICAj1pAlY6hCADZnveQf7bQIwzVONGJonhLIlS9gr5mFg44Xd+4S3XHoGNPdJl1INIwKyEgHckEhgTe1bGiFY9GSFBYUwLh1IkiJUbY407E7syBSFxKTszEoiE\/YdrgCEayDmtaJwCI9uu8TKMuZSVfSa4BpGgzvomBR\/INhLGzrqDotp01ZR8pn\/1L0JN9d9XNyx0AAAAAElFTkSuQmCC","canUser":{"general":false,"advanced":false,"snippet":false,"social":false,"analysis":false,"analytics":false,"content_ai":false},"isPro":false,"is_front_page":false,"trendsUpgradeLink":"https:\/\/rankmath.com\/pricing\/?utm_source=Plugin&utm_medium=CE%20General%20Tab%20Trends&utm_campaign=WP","trendsUpgradeLabel":"Y\u00fckseltin","trendsPreviewImage":"https:\/\/www.sicakcikolata.com\/blog\/wp-content\/plugins\/seo-by-rank-math\/assets\/admin\/img\/trends-preview.jpg","currentEditor":false,"homepageData":{"assessor":{"powerWords":[],"diacritics":true,"researchesTests":["contentHasTOC","contentHasShortParagraphs","contentHasAssets","keywordInTitle","keywordInMetaDescription","keywordInPermalink","keywordIn10Percent","keywordInContent","keywordInSubheadings","keywordInImageAlt","keywordDensity","keywordNotUsed","lengthContent","lengthPermalink","linksHasInternal","linksHasExternals","linksNotAllExternals","titleStartWithKeyword","titleSentiment","titleHasPowerWords","titleHasNumber","hasContentAI"],"hasBreadcrumb":false,"serpData":{"title":"%sitename% %page% %sep% %sitedesc%","description":"","titleTemplate":"%sitename% %page% %sep% %sitedesc%","descriptionTemplate":"","focusKeywords":"","breadcrumbTitle":"Home","robots":{"index":true},"advancedRobots":[],"facebookTitle":"","facebookDescription":"","facebookImage":"","facebookImageID":""}}},"tocTitle":"Table of Contents","tocExcludeHeadings":[],"listStyle":"ul"},"_links":{"self":[{"href":"https:\/\/www.sicakcikolata.com\/blog\/index.php\/wp-json\/wp\/v2\/pages\/630","targetHints":{"allow":["GET"]}}],"collection":[{"href":"https:\/\/www.sicakcikolata.com\/blog\/index.php\/wp-json\/wp\/v2\/pages"}],"about":[{"href":"https:\/\/www.sicakcikolata.com\/blog\/index.php\/wp-json\/wp\/v2\/types\/page"}],"author":[{"embeddable":true,"href":"https:\/\/www.sicakcikolata.com\/blog\/index.php\/wp-json\/wp\/v2\/users\/1"}],"replies":[{"embeddable":true,"href":"https:\/\/www.sicakcikolata.com\/blog\/index.php\/wp-json\/wp\/v2\/comments?post=630"}],"version-history":[{"count":7,"href":"https:\/\/www.sicakcikolata.com\/blog\/index.php\/wp-json\/wp\/v2\/pages\/630\/revisions"}],"predecessor-version":[{"id":720,"href":"https:\/\/www.sicakcikolata.com\/blog\/index.php\/wp-json\/wp\/v2\/pages\/630\/revisions\/720"}],"wp:attachment":[{"href":"https:\/\/www.sicakcikolata.com\/blog\/index.php\/wp-json\/wp\/v2\/media?parent=630"}],"curies":[{"name":"wp","href":"https:\/\/api.w.org\/{rel}","templated":true}]}}